{"id":12,"date":"2025-06-13T06:04:42","date_gmt":"2025-06-13T06:04:42","guid":{"rendered":"https:\/\/modeco.mywebwork.net\/?page_id=12"},"modified":"2025-06-13T06:04:43","modified_gmt":"2025-06-13T06:04:43","slug":"ruckgaben-reklamationen","status":"publish","type":"page","link":"https:\/\/modeco-sklep.pl\/de\/zwroty-reklamacje\/","title":{"rendered":"R\u00fcckgaben und Reklamationen"},"content":{"rendered":"<p><strong>INFORMATIONEN ZU REKLAMATIONEN<\/strong><\/p>\n\n\n\n<p>Wenn die gekaufte Ware fehlerhaft ist oder nicht der Bestellung entspricht, k\u00f6nnen Sie im Rahmen der Gew\u00e4hrleistung eine Reklamation einreichen.<\/p>\n\n\n\n<p>Die Reklamation sollte an die Firmenadresse gerichtet werden. Dem Paket ist eine schriftliche Reklamation beizuf\u00fcgen.<\/p>\n\n\n\n<p>Um eine reibungslose Bearbeitung der Reklamation zu gew\u00e4hrleisten, sollte die Sendung Folgendes enthalten:<\/p>\n\n\n\n<ul class=\"wp-block-list\">\n<li>das beworbene Produkt,<\/li>\n\n\n\n<li>ausgef\u00fclltes Beschwerdeschreiben,<\/li>\n\n\n\n<li>Kaufbeleg oder Angaben zu der Person, in deren Namen die Bestellung aufgegeben wurde.<\/li>\n<\/ul>\n\n\n\n<p>Innerhalb von 14 Tagen nach Erhalt der Sendung mit der fehlerhaften Ware werden wir auf die eingereichte Reklamation reagieren und Sie \u00fcber die weiteren Schritte informieren.<\/p>\n\n\n\n<p><strong>INFORMATIONEN ZUR R\u00dcCKSENDUNG VON WAREN<\/strong><\/p>\n\n\n\n<p>Die R\u00fcckgabe von meterweise gekauften Materialien ist nicht m\u00f6glich. Jede Bestellung dieser Art wird als Einzelfall behandelt.<\/p>\n\n\n\n<p>Die R\u00fcckgabe von Waren gilt nur f\u00fcr gekaufte vollst\u00e4ndige Materialbalken. In diesem Fall<br>Wir garantieren Ihnen das Recht, innerhalb von 14 Tagen nach Erhalt der Sendung ohne Angabe von Gr\u00fcnden vom Vertrag zur\u00fcckzutreten und die bestellte Ware zur\u00fcckzusenden.<\/p>\n\n\n\n<p>Die R\u00fccksendung sollte durch R\u00fccksendung des unerw\u00fcnschten Produkts auf eigene Kosten zusammen mit dem ausgef\u00fcllten Formular \u201eWiderruf des Vertrags\u201d erfolgen.\u201d<\/p>\n\n\n\n<p><strong>Adressdaten f\u00fcr R\u00fccksendungen und Reklamationen:<\/strong><\/p>\n\n\n\n<p>MODECO<br>Bia\u0142ystok 15-585 ul. Zab\u0142udowska 41<\/p>","protected":false},"excerpt":{"rendered":"<p>INFORMACJE DOTYCZ\u0104CE REKLAMACJI Je\u017celi zakupiony towar jest wadliwy lub niezgodny z zam\u00f3wieniem mog\u0105 Pa\u0144stwo z\u0142o\u017cy\u0107 reklamacj\u0119 w ramach r\u0119kojmi. Reklamacja powinna zosta\u0107 dokonana na adres firmowy. Do paczki nale\u017cy do\u0142\u0105czy\u0107 pisemn\u0105 reklamacj\u0119. W celu sprawnego rozpatrzenia reklamacji, przesy\u0142ka powinna zawiera\u0107: W terminie do 14 dni od daty otrzymania przesy\u0142ki z wadliwym towarem, ustosunkujemy si\u0119 do&#8230;<\/p>","protected":false},"author":1940,"featured_media":0,"parent":0,"menu_order":0,"comment_status":"closed","ping_status":"closed","template":"","meta":{"_acf_changed":false,"_kad_blocks_custom_css":"","_kad_blocks_head_custom_js":"","_kad_blocks_body_custom_js":"","_kad_blocks_footer_custom_js":"","_kad_post_transparent":"","_kad_post_title":"","_kad_post_layout":"","_kad_post_sidebar_id":"","_kad_post_content_style":"","_kad_post_vertical_padding":"","_kad_post_feature":"","_kad_post_feature_position":"","_kad_post_header":false,"_kad_post_footer":false,"_kad_post_classname":"","footnotes":""},"class_list":["post-12","page","type-page","status-publish","hentry"],"acf":[],"taxonomy_info":[],"featured_image_src_large":false,"author_info":{"display_name":"Modeco Sklep","author_link":"https:\/\/modeco-sklep.pl\/de\/author\/modeco\/"},"comment_info":0,"_links":{"self":[{"href":"https:\/\/modeco-sklep.pl\/de\/wp-json\/wp\/v2\/pages\/12","targetHints":{"allow":["GET"]}}],"collection":[{"href":"https:\/\/modeco-sklep.pl\/de\/wp-json\/wp\/v2\/pages"}],"about":[{"href":"https:\/\/modeco-sklep.pl\/de\/wp-json\/wp\/v2\/types\/page"}],"author":[{"embeddable":true,"href":"https:\/\/modeco-sklep.pl\/de\/wp-json\/wp\/v2\/users\/1940"}],"replies":[{"embeddable":true,"href":"https:\/\/modeco-sklep.pl\/de\/wp-json\/wp\/v2\/comments?post=12"}],"version-history":[{"count":0,"href":"https:\/\/modeco-sklep.pl\/de\/wp-json\/wp\/v2\/pages\/12\/revisions"}],"wp:attachment":[{"href":"https:\/\/modeco-sklep.pl\/de\/wp-json\/wp\/v2\/media?parent=12"}],"curies":[{"name":"wp","href":"https:\/\/api.w.org\/{rel}","templated":true}]}}